{"id":2560,"date":"2023-06-08T17:47:55","date_gmt":"2023-06-08T15:47:55","guid":{"rendered":"https:\/\/modenafuturacreativa.it\/?page_id=2560"},"modified":"2025-03-06T15:36:22","modified_gmt":"2025-03-06T14:36:22","slug":"viaemiliadocfest","status":"publish","type":"page","link":"https:\/\/modenafuturacreativa.it\/fr\/mappa-della-creativita\/viaemiliadocfest\/","title":{"rendered":"ViaEmilia@DocFest"},"content":{"rendered":"<div id=\"fws_69e65261438ae\"  data-column-margin=\"default\" data-midnight=\"dark\"  class=\"wpb_row vc_row-fluid vc_row full-width-section  top_padding_tablet_0px top_padding_phone_0px\"  style=\"padding-top: 150px; padding-bottom: 0px; \"><div class=\"row-bg-wrap\" data-bg-animation=\"none\" data-bg-animation-delay=\"\" data-bg-overlay=\"false\"><div class=\"inner-wrap row-bg-layer\" ><div class=\"row-bg viewport-desktop\"  style=\"\"><\/div><\/div><\/div><div class=\"row_col_wrap_12 col span_12 dark left\">\n\t<div  class=\"vc_col-sm-3 creativita wpb_column column_container vc_column_container col padding-5-percent inherit_tablet inherit_phone border_color_d9d9d9 border_style_solid\"  data-overlay-color=\"true\" data-padding-pos=\"top-bottom\" data-has-bg-color=\"false\" data-bg-color=\"\" data-bg-opacity=\"1\" data-animation=\"\" data-delay=\"0\" >\n\t\t<div class=\"vc_column-inner\" ><div class=\"column-bg-overlay-wrap column-bg-layer\" data-bg-animation=\"none\"><div class=\"column-bg-overlay\"><\/div><div class=\"column-overlay-layer\" style=\"background-color:transparent;  opacity: 1; \"><\/div><\/div>\n\t\t\t<div class=\"wpb_wrapper\">\n\t\t\t\t\n\t\t\t<\/div> \n\t\t<\/div>\n\t<\/div> \n\n\t<div style=\"\" class=\"vc_col-sm-9 wpb_column column_container vc_column_container col has-animation padding-2-percent inherit_tablet inherit_phone tl_br_50px tr_br_50px\" data-using-bg=\"true\" data-overlay-color=\"true\" data-padding-pos=\"all\" data-has-bg-color=\"false\" data-bg-color=\"\" data-bg-opacity=\"1\" data-animation=\"fade-in-from-bottom\" data-delay=\"0\" >\n\t\t<div class=\"vc_column-inner\" ><div class=\"column-image-bg-wrap column-bg-layer viewport-desktop\" data-bg-pos=\"center center\" data-bg-animation=\"none\" data-bg-overlay=\"false\"><div class=\"inner-wrap\"><div class=\"column-image-bg\" style=\" background-image: url('https:\/\/modenafuturacreativa.it\/wp-content\/uploads\/2023\/06\/122836380_933116027216527_4012057463441752084_n.jpg'); \"><\/div><\/div><\/div><div class=\"column-bg-overlay-wrap column-bg-layer\" data-bg-animation=\"none\"><div class=\"column-bg-overlay\"><\/div><div class=\"column-overlay-layer\" style=\"background:radial-gradient(circle at top, rgba(186,195,194,0) 5%, rgb(186,195,194) 85%);\"><\/div><\/div>\n\t\t\t<div class=\"wpb_wrapper\">\n\t\t\t\t<div class=\"divider-wrap height_tablet_45px height_phone_45px\" data-alignment=\"default\"><div style=\"height: 300px;\" class=\"divider\"><\/div><\/div><div class=\"nectar-split-heading  font_size_2vw font_size_tablet_40px font_size_phone_40px font_line_height_1px\" data-align=\"default\" data-m-align=\"inherit\" data-text-effect=\"letter-reveal-bottom\" data-animation-type=\"line-reveal-by-space\" data-animation-delay=\"200\" data-animation-offset=\"\" data-m-rm-animation=\"\" data-stagger=\"true\" data-custom-font-size=\"true\" style=\"font-size: 2vw; line-height: 2.2vw;\"><i style=\" color: #333333;\">ViaEmilia@DocFest<\/i><\/div><div class=\"divider-wrap\" data-alignment=\"default\"><div style=\"margin-top: 0.5px; height: 1px; margin-bottom: 0.5px;\" data-width=\"100%\" data-animate=\"yes\" data-animation-delay=\"\" data-color=\"extra-color-gradient-1\" class=\"divider-border\"><\/div><\/div><div class=\"nectar-split-heading  font_line_height_2px\" data-align=\"default\" data-m-align=\"inherit\" data-text-effect=\"default\" data-animation-type=\"line-reveal-by-space\" data-animation-delay=\"800\" data-animation-offset=\"\" data-m-rm-animation=\"\" data-stagger=\"true\" data-custom-font-size=\"false\" ><h3 style=\" color: #333333;\">ARTS VISUELS<\/h3><\/div><div class=\"divider-wrap\" data-alignment=\"default\"><div style=\"height: 45px;\" class=\"divider\"><\/div><\/div><div class=\"nectar-next-section-wrap minimal-arrow alignment_tablet_default alignment_phone_default display_tablet_inline-block display_phone_inline-block position_desktop_absolute right_position_desktop_2pct bottom_position_desktop_50px\"  data-align=\"right\" data-custom-color=\"true\">\n    <a href=\"#\" class=\"nectar-next-section skip-hash\">\n      <span class=\"screen-reader-text\">Passer \u00e0 la section suivante<\/span>\n      <svg class=\"next-arrow\" width=\"40px\" height=\"68px\" viewbox=\"0 0 40 50\" xml:space=\"preserve\">\n      <path stroke=\"#ffffff\" stroke-width=\"2\" fill=\"none\" d=\"M 20 0 L 20 51\"><\/path>\n      <polyline stroke=\"#ffffff\" stroke-width=\"2\" fill=\"none\" points=\"12, 44 20, 52 28, 44\"><\/polyline>\n      <\/svg>\n    <\/a>\n  <\/div>\n\t\t\t<\/div> \n\t\t<\/div>\n\t<\/div> \n<\/div><\/div>\n\t\t<div id=\"fws_69e65261443a4\"  data-column-margin=\"default\" data-midnight=\"dark\"  class=\"wpb_row vc_row-fluid vc_row full-width-section\"  style=\"padding-top: 0px; padding-bottom: 0px; \"><div class=\"row-bg-wrap\" data-bg-animation=\"none\" data-bg-animation-delay=\"\" data-bg-overlay=\"false\"><div class=\"inner-wrap row-bg-layer\" ><div class=\"row-bg viewport-desktop using-bg-color\"  style=\"background-color: #ffffff; \"><\/div><\/div><\/div><div class=\"row_col_wrap_12 col span_12 dark left\">\n\t<div  class=\"vc_col-sm-3 vc_hidden-sm vc_hidden-xs wpb_column column_container vc_column_container col no-extra-padding inherit_tablet inherit_phone\"  data-padding-pos=\"all\" data-has-bg-color=\"false\" data-bg-color=\"\" data-bg-opacity=\"1\" data-animation=\"\" data-delay=\"0\" >\n\t\t<div class=\"vc_column-inner\" >\n\t\t\t<div class=\"wpb_wrapper\">\n\t\t\t\t\n\t\t\t<\/div> \n\t\t<\/div>\n\t<\/div> \n\n\t<div style=\"margin-bottom: 5%; \" class=\"vc_col-sm-9 wpb_column column_container vc_column_container col has-animation padding-2-percent padding-2-percent_tablet padding-2-percent_phone bl_br_50px br_br_50px\" data-using-bg=\"true\" data-padding-pos=\"all\" data-has-bg-color=\"true\" data-bg-color=\"#e5e5e5\" data-bg-opacity=\"1\" data-animation=\"fade-in-from-bottom\" data-delay=\"0\" >\n\t\t<div class=\"vc_column-inner\" ><div class=\"column-bg-overlay-wrap column-bg-layer\" data-bg-animation=\"none\"><div class=\"column-bg-overlay\" style=\"opacity: 1; background-color: #e5e5e5;\"><\/div><\/div>\n\t\t\t<div class=\"wpb_wrapper\">\n\t\t\t\t<div class=\"divider-wrap height_tablet_4vh height_phone_4vh\" data-alignment=\"default\"><div style=\"height: 0vh;\" class=\"divider\"><\/div><\/div><div id=\"fws_69e6526144830\" data-midnight=\"\" data-column-margin=\"default\" class=\"wpb_row vc_row-fluid vc_row inner_row\"  style=\"\"><div class=\"row-bg-wrap\"> <div class=\"row-bg\" ><\/div> <\/div><div class=\"row_col_wrap_12_inner col span_12  left\">\n\t<div  class=\"vc_col-sm-6 wpb_column column_container vc_column_container col child_column padding-2-percent inherit_tablet inherit_phone\"   data-padding-pos=\"left\" data-has-bg-color=\"false\" data-bg-color=\"\" data-bg-opacity=\"1\" data-animation=\"\" data-delay=\"0\" >\n\t\t<div class=\"vc_column-inner\" >\n\t\t<div class=\"wpb_wrapper\">\n\t\t\t<div class=\"iwithtext\"><div class=\"iwt-icon\"> <i class=\"icon-default-style fa fa-external-link extra-color-2\"><\/i> <\/div><div class=\"iwt-text\"> <a href=\"https:\/\/www.modenaviaemiliadocfest.it\/\" target=\"_blank\" rel=\"noopener\">VISITEZ LE SITE<\/a> <\/div><div class=\"clear\"><\/div><\/div>\n\t\t<\/div> \n\t<\/div>\n\t<\/div> \n\n\t<div  class=\"vc_col-sm-6 wpb_column column_container vc_column_container col child_column padding-2-percent inherit_tablet inherit_phone\"   data-padding-pos=\"left\" data-has-bg-color=\"false\" data-bg-color=\"\" data-bg-opacity=\"1\" data-animation=\"\" data-delay=\"0\" >\n\t\t<div class=\"vc_column-inner\" >\n\t\t<div class=\"wpb_wrapper\">\n\t\t\t<div class=\"iwithtext\"><div class=\"iwt-icon\"> <i class=\"icon-default-style fa fa-comments extra-color-2\"><\/i> <\/div><div class=\"iwt-text\"> <a href=\"https:\/\/www.modenaviaemiliadocfest.it\/contatti\/\" target=\"_blank\" rel=\"noopener\">CONTACT<\/a> <\/div><div class=\"clear\"><\/div><\/div>\n\t\t<\/div> \n\t<\/div>\n\t<\/div> \n<\/div><\/div><div class=\"divider-wrap\" data-alignment=\"default\"><div style=\"margin-top: 5vh; height: 1px; margin-bottom: 5vh;\" data-width=\"100%\" data-animate=\"\" data-animation-delay=\"\" data-color=\"default\" class=\"divider-border\"><\/div><\/div><div id=\"fws_69e6526144c17\" data-midnight=\"\" data-column-margin=\"default\" class=\"wpb_row vc_row-fluid vc_row inner_row\"  style=\"\"><div class=\"row-bg-wrap\"> <div class=\"row-bg\" ><\/div> <\/div><div class=\"row_col_wrap_12_inner col span_12  left\">\n\t<div  class=\"vc_col-sm-12 wpb_column column_container vc_column_container col child_column no-extra-padding inherit_tablet inherit_phone\"   data-padding-pos=\"all\" data-has-bg-color=\"false\" data-bg-color=\"\" data-bg-opacity=\"1\" data-animation=\"\" data-delay=\"0\" >\n\t\t<div class=\"vc_column-inner\" >\n\t\t<div class=\"wpb_wrapper\">\n\t\t\t\n<div class=\"wpb_text_column wpb_content_element\" >\n\t<div class=\"wpb_wrapper\">\n\t\t<h5><strong>Festival italien du film documentaire en ligne<\/strong><\/h5>\n\t<\/div>\n<\/div>\n\n\n\n\n\t\t<\/div> \n\t<\/div>\n\t<\/div> \n<\/div><\/div><div class=\"divider-wrap\" data-alignment=\"default\"><div style=\"margin-top: 5vh; height: 1px; margin-bottom: 5vh;\" data-width=\"100%\" data-animate=\"\" data-animation-delay=\"\" data-color=\"default\" class=\"divider-border\"><\/div><\/div>\n\t\t\t<\/div> \n\t\t<\/div>\n\t<\/div> \n<\/div><\/div>\n\t\t<div id=\"fws_69e6526144ff5\"  data-column-margin=\"default\" data-midnight=\"dark\" data-bottom-percent=\"10%\"  class=\"wpb_row vc_row-fluid vc_row full-width-section\"  style=\"padding-top: 0px; padding-bottom: calc(100vw * 0.10); \"><div class=\"row-bg-wrap\" data-bg-animation=\"none\" data-bg-animation-delay=\"\" data-bg-overlay=\"false\"><div class=\"inner-wrap row-bg-layer\" ><div class=\"row-bg viewport-desktop using-bg-color\"  style=\"background-color: #ffffff; \"><\/div><\/div><\/div><div class=\"row_col_wrap_12 col span_12 dark left\">\n\t<div  class=\"vc_col-sm-3 wpb_column column_container vc_column_container col no-extra-padding inherit_tablet inherit_phone\"  data-padding-pos=\"all\" data-has-bg-color=\"false\" data-bg-color=\"\" data-bg-opacity=\"1\" data-animation=\"\" data-delay=\"0\" >\n\t\t<div class=\"vc_column-inner\" >\n\t\t\t<div class=\"wpb_wrapper\">\n\t\t\t\t\n\t\t\t<\/div> \n\t\t<\/div>\n\t<\/div> \n\n\t<div  class=\"vc_col-sm-9 wpb_column column_container vc_column_container col no-extra-padding inherit_tablet inherit_phone\"  data-padding-pos=\"all\" data-has-bg-color=\"false\" data-bg-color=\"\" data-bg-opacity=\"1\" data-animation=\"\" data-delay=\"0\" >\n\t\t<div class=\"vc_column-inner\" >\n\t\t\t<div class=\"wpb_wrapper\">\n\t\t\t\t<div class=\"img-with-aniamtion-wrap center\" data-max-width=\"100%\" data-max-width-mobile=\"default\" data-shadow=\"none\" data-animation=\"none\" >\n      <div class=\"inner\">\n        <div class=\"hover-wrap\"> \n          <div class=\"hover-wrap-inner\">\n            <img loading=\"lazy\" decoding=\"async\" class=\"img-with-animation skip-lazy\" data-delay=\"0\" height=\"81\" width=\"104\" data-animation=\"none\" src=\"https:\/\/modenafuturacreativa.it\/wp-content\/uploads\/2023\/05\/palla2-icona.png\" alt=\"\"  \/>\n          <\/div>\n        <\/div>\n      <\/div>\n    <\/div><div class=\"nectar-cta freccia alignment_tablet_default alignment_phone_default display_tablet_inherit display_phone_inherit\" data-color=\"default\" data-using-bg=\"false\" data-display=\"block\" data-style=\"underline\" data-alignment=\"center\" data-text-color=\"custom\" ><h6 style=\"color: #000000;\"> <span class=\"link_wrap\" ><a  class=\"link_text\" style=\"border-color: #000000;\" role=\"button\" href=\"https:\/\/modenafuturacreativa.it\/fr\/mappa-della-creativita\/\">RETOUR \u00c0 LA CARTE<\/a><\/span><\/h6><\/div>\n\t\t\t<\/div> \n\t\t<\/div>\n\t<\/div> \n<\/div><\/div>\n\t\t<div id=\"fws_69e652614572d\"  data-column-margin=\"default\" data-midnight=\"dark\"  class=\"wpb_row vc_row-fluid vc_row full-width-content vc_row-o-equal-height vc_row-flex vc_row-o-content-top  zindex-set\"  style=\"padding-top: 0px; padding-bottom: 0px;  z-index: -1;\"><div class=\"row-bg-wrap\" data-bg-animation=\"none\" data-bg-animation-delay=\"\" data-bg-overlay=\"false\"><div class=\"inner-wrap row-bg-layer\" ><div class=\"row-bg viewport-desktop\"  style=\"\"><\/div><\/div><\/div><div class=\"row_col_wrap_12 col span_12 dark left\">\n\t<div  class=\"vc_col-sm-12 wpb_column column_container vc_column_container col no-extra-padding inherit_tablet inherit_phone\"  data-padding-pos=\"all\" data-has-bg-color=\"false\" data-bg-color=\"\" data-bg-opacity=\"1\" data-animation=\"\" data-delay=\"0\" >\n\t\t<div class=\"vc_column-inner\" >\n\t\t\t<div class=\"wpb_wrapper\">\n\t\t\t\t\n\t<div class=\"wpb_raw_code wpb_raw_html wpb_content_element\" >\n\t\t<div class=\"wpb_wrapper\">\n\t\t\t<script src=\"..\/..\/tube\/jsband-min.js\" type=\"text\/javascript\"><\/script>\n<script src=\"..\/..\/tube\/tube-min.js\" type=\"text\/javascript\"><\/script>\n<div id=\"tube_container\" style=\"background:#ffefbd; position: fixed;width: 100%;height: 100%;top: 0px;left: 0px;\"> <\/div>\n<script type=\"text\/javascript\">\n\t\tvar tube = new TubeAnimation(\"tube_container\", {\n\t\t\t\n\t\t\t\/\/Main settings\n\t\t\t\tTUBE_SIZE: 200,\n\t\t\t\tTUBE_WIDTH: 30,\n\t\t\t\tTUBE_DISTANCE: 450,\n\t\t\t\tPERSPECTIVE_DISTORTION: 0.8,\n\t\t\t\tTUBE_TORSION: 0.3,\n\t\t\t\tTUBE_STRETCH: 400,\n\t\t\t\tROTATION_SPEED: 2,\n\t\t\t\tDOT_COLOR: 'rgb(255, 191, 0)',\n\t\t\t\tDOT_SIZE: 1,\n\t\t\t\tDETALIZATION: 209,\n\t\t\t\tMESH_DISTRIBUTION: 0,\n\t\t\t\tMESH_RATIO: 18.103,\n\t\t\t\tOFFSET_X: 0, \/\/offset in pixels\n\t\t\t\tOFFSET_Y: 0, \/\/offset in pixels\n\t\t\t\tPERCENTAGE_OFFSET_X: 0, \/\/offset in percentages\n\t\t\t\tPERCENTAGE_OFFSET_Y: 0, \/\/offset in percentages\n\n\t\t\t\/\/Responsivity settings\n\t\t\t\tAUTO_SCALE: false,\n\t\t\t\tVIEWPORT_WIDTH: 1000,\n\t\t\t\tVIEWPORT_HEIGHT: 1000,\n\t\t\t\n\t\t\t\/\/Mouse settings\n\t\t\t\tMOUSE_DISTANCE_MIN: 20,\n\t\t\t\tMOUSE_DISTANCE_MAX: 400,\n\t\t\t\tMOUSE_SENSITIVITY: 0.1,\n\t\t\t\tINERTIAL_TIME: 2,\n\t\t\t\t\n\t\t\t\/\/Main morphing settings\n\t\t\t\tUSE_MAIN_MORPHING: true,\n\t\t\t\tMAIN_MORPHING_AUTOPLAY: true,\n\t\t\t\tMAIN_MORPHING_DURATION: 1.5,\n\t\t\t\tMAIN_MORPHING_DELAY: 2,\n\t\t\t\tMAIN_MORPHING_TRANSITION_TYPE: \"cubic\",\n\t\t\t\tMAIN_MORPHING_STAGES: [\n\t\t\t\t\t{DOT_COLOR: 'rgb(255, 191, 0)'},\n\t\t\t\t\t{DOT_COLOR: 'rgba(255, 191, 0, 1)'},\n\t\t\t\t\t{DOT_COLOR: 'rgba(255, 191, 0, 1)'},\n\t\t\t\t\t{DOT_COLOR: 'rgba(255, 191, 0, 1)'},\n\t\t\t\t\t{DOT_COLOR: 'rgba(255, 191, 0, 1)'},\n\t\t\t\t\t{DOT_COLOR: 'rgba(255, 191, 0, 1)'}\n\t\t\t\t],\n\t\t\t\t\t\t\n\t\t\t\/\/Surface distortion settings\n\t\t\t\tSURFACE_INITIAL_DISTORTION: {\n\t\t\t\t\t\twave1: {amplitude: 19.216, frequency: 4, phase: 1.201},\n\t\t\t\t\t\twave2: {amplitude: 0, frequency: 3, phase: 0},\n\t\t\t\t\t\twave3: {amplitude: 15, frequency: 2, phase: 0}   \n\t\t\t\t\t},\n\t\t\t\tUSE_SURFACE_MORPHING: false,\n\t\t\t\tUSE_SURFACE_MOTION: true,\n\t\t\t\tUSE_SURFACE_SWING: false,\n\t\t\t\t\t\t\t\t \n\t\t\t\/\/Surface motion settings\n\t\t\t\tWAVE_1_MOTION_SPEED: 1.5,\n\t\t\t\t\/\/WAVE_2_MOTION_SPEED: 1,\n\t\t\t\tWAVE_3_MOTION_SPEED: -1\t\t\t\n\t\t});\n\t\t\n\t<\/script>\n\t\t<\/div>\n\t<\/div>\n\n\t\t\t<\/div> \n\t\t<\/div>\n\t<\/div> \n<\/div><\/div>","protected":false},"excerpt":{"rendered":"ViaEmilia@DocFestARTI VISIVE Navigate to the next section VISITA IL SITO CONTATTA Festival italiano di documentari online TORNA ALLA MAPPA","protected":false},"author":1,"featured_media":2561,"parent":848,"menu_order":0,"comment_status":"closed","ping_status":"closed","template":"","meta":{"inline_featured_image":false,"wpupg_custom_link":[],"wpupg_custom_link_behaviour":["default"],"wpupg_custom_link_nofollow":["default"],"wpupg_custom_image":[],"wpupg_custom_image_id":[],"footnotes":""},"class_list":["post-2560","page","type-page","status-publish","has-post-thumbnail"],"yoast_head":"<!-- This site is optimized with the Yoast SEO plugin v27.3 - https:\/\/yoast.com\/product\/yoast-seo-wordpress\/ -->\n<title>ViaEmilia@DocFest : Modena futura creativa<\/title>\n<meta name=\"robots\" content=\"index, follow, max-snippet:-1, max-image-preview:large, max-video-preview:-1\" \/>\n<link rel=\"canonical\" href=\"https:\/\/modenafuturacreativa.it\/fr\/mappa-della-creativita\/viaemiliadocfest\/\" \/>\n<meta property=\"og:locale\" content=\"fr_FR\" \/>\n<meta property=\"og:type\" content=\"article\" \/>\n<meta property=\"og:title\" content=\"ViaEmilia@DocFest : Modena futura creativa\" \/>\n<meta property=\"og:url\" content=\"https:\/\/modenafuturacreativa.it\/fr\/mappa-della-creativita\/viaemiliadocfest\/\" \/>\n<meta property=\"og:site_name\" content=\"Modena futura creativa\" \/>\n<meta property=\"article:publisher\" content=\"https:\/\/www.facebook.com\/modenafuturacreativa\" \/>\n<meta property=\"article:modified_time\" content=\"2025-03-06T14:36:22+00:00\" \/>\n<meta property=\"og:image\" content=\"https:\/\/modenafuturacreativa.it\/wp-content\/uploads\/2023\/06\/122836380_933116027216527_4012057463441752084_n.jpg\" \/>\n\t<meta property=\"og:image:width\" content=\"679\" \/>\n\t<meta property=\"og:image:height\" content=\"679\" \/>\n\t<meta property=\"og:image:type\" content=\"image\/jpeg\" \/>\n<meta name=\"twitter:card\" content=\"summary_large_image\" \/>\n<meta name=\"twitter:label1\" content=\"Dur\u00e9e de lecture estim\u00e9e\" \/>\n\t<meta name=\"twitter:data1\" content=\"1 minute\" \/>\n<script type=\"application\/ld+json\" class=\"yoast-schema-graph\">{\"@context\":\"https:\\\/\\\/schema.org\",\"@graph\":[{\"@type\":\"WebPage\",\"@id\":\"https:\\\/\\\/modenafuturacreativa.it\\\/mappa-della-creativita\\\/viaemiliadocfest\\\/\",\"url\":\"https:\\\/\\\/modenafuturacreativa.it\\\/mappa-della-creativita\\\/viaemiliadocfest\\\/\",\"name\":\"ViaEmilia@DocFest : Modena futura creativa\",\"isPartOf\":{\"@id\":\"https:\\\/\\\/modenafuturacreativa.it\\\/#website\"},\"primaryImageOfPage\":{\"@id\":\"https:\\\/\\\/modenafuturacreativa.it\\\/mappa-della-creativita\\\/viaemiliadocfest\\\/#primaryimage\"},\"image\":{\"@id\":\"https:\\\/\\\/modenafuturacreativa.it\\\/mappa-della-creativita\\\/viaemiliadocfest\\\/#primaryimage\"},\"thumbnailUrl\":\"https:\\\/\\\/modenafuturacreativa.it\\\/wp-content\\\/uploads\\\/2023\\\/06\\\/122836380_933116027216527_4012057463441752084_n.jpg\",\"datePublished\":\"2023-06-08T15:47:55+00:00\",\"dateModified\":\"2025-03-06T14:36:22+00:00\",\"breadcrumb\":{\"@id\":\"https:\\\/\\\/modenafuturacreativa.it\\\/mappa-della-creativita\\\/viaemiliadocfest\\\/#breadcrumb\"},\"inLanguage\":\"fr-FR\",\"potentialAction\":[{\"@type\":\"ReadAction\",\"target\":[\"https:\\\/\\\/modenafuturacreativa.it\\\/mappa-della-creativita\\\/viaemiliadocfest\\\/\"]}]},{\"@type\":\"ImageObject\",\"inLanguage\":\"fr-FR\",\"@id\":\"https:\\\/\\\/modenafuturacreativa.it\\\/mappa-della-creativita\\\/viaemiliadocfest\\\/#primaryimage\",\"url\":\"https:\\\/\\\/modenafuturacreativa.it\\\/wp-content\\\/uploads\\\/2023\\\/06\\\/122836380_933116027216527_4012057463441752084_n.jpg\",\"contentUrl\":\"https:\\\/\\\/modenafuturacreativa.it\\\/wp-content\\\/uploads\\\/2023\\\/06\\\/122836380_933116027216527_4012057463441752084_n.jpg\",\"width\":679,\"height\":679},{\"@type\":\"BreadcrumbList\",\"@id\":\"https:\\\/\\\/modenafuturacreativa.it\\\/mappa-della-creativita\\\/viaemiliadocfest\\\/#breadcrumb\",\"itemListElement\":[{\"@type\":\"ListItem\",\"position\":1,\"name\":\"Home\",\"item\":\"https:\\\/\\\/modenafuturacreativa.it\\\/\"},{\"@type\":\"ListItem\",\"position\":2,\"name\":\"Mappa della creativit\u00e0\",\"item\":\"https:\\\/\\\/modenafuturacreativa.it\\\/mappa-della-creativita\\\/\"},{\"@type\":\"ListItem\",\"position\":3,\"name\":\"ViaEmilia@DocFest\"}]},{\"@type\":\"WebSite\",\"@id\":\"https:\\\/\\\/modenafuturacreativa.it\\\/#website\",\"url\":\"https:\\\/\\\/modenafuturacreativa.it\\\/\",\"name\":\"Modena futura creativa\",\"description\":\"Modena citt\u00e0 Media Arts UNESCO - Creative Cities Network\",\"publisher\":{\"@id\":\"https:\\\/\\\/modenafuturacreativa.it\\\/#organization\"},\"potentialAction\":[{\"@type\":\"SearchAction\",\"target\":{\"@type\":\"EntryPoint\",\"urlTemplate\":\"https:\\\/\\\/modenafuturacreativa.it\\\/?s={search_term_string}\"},\"query-input\":{\"@type\":\"PropertyValueSpecification\",\"valueRequired\":true,\"valueName\":\"search_term_string\"}}],\"inLanguage\":\"fr-FR\"},{\"@type\":\"Organization\",\"@id\":\"https:\\\/\\\/modenafuturacreativa.it\\\/#organization\",\"name\":\"Modena Futura Creativa\",\"url\":\"https:\\\/\\\/modenafuturacreativa.it\\\/\",\"logo\":{\"@type\":\"ImageObject\",\"inLanguage\":\"fr-FR\",\"@id\":\"https:\\\/\\\/modenafuturacreativa.it\\\/#\\\/schema\\\/logo\\\/image\\\/\",\"url\":\"https:\\\/\\\/modenafuturacreativa.it\\\/wp-content\\\/uploads\\\/2021\\\/09\\\/huge-2.jpg\",\"contentUrl\":\"https:\\\/\\\/modenafuturacreativa.it\\\/wp-content\\\/uploads\\\/2021\\\/09\\\/huge-2.jpg\",\"width\":596,\"height\":402,\"caption\":\"Modena Futura Creativa\"},\"image\":{\"@id\":\"https:\\\/\\\/modenafuturacreativa.it\\\/#\\\/schema\\\/logo\\\/image\\\/\"},\"sameAs\":[\"https:\\\/\\\/www.facebook.com\\\/modenafuturacreativa\",\"https:\\\/\\\/www.instagram.com\\\/modenafuturacreativa\\\/\",\"https:\\\/\\\/www.youtube.com\\\/channel\\\/UCTxUkE2mRZNwWzD43n7ioVw\"]}]}<\/script>\n<!-- \/ Yoast SEO plugin. -->","yoast_head_json":{"title":"ViaEmilia@DocFest : Modena futura creativa","robots":{"index":"index","follow":"follow","max-snippet":"max-snippet:-1","max-image-preview":"max-image-preview:large","max-video-preview":"max-video-preview:-1"},"canonical":"https:\/\/modenafuturacreativa.it\/fr\/mappa-della-creativita\/viaemiliadocfest\/","og_locale":"fr_FR","og_type":"article","og_title":"ViaEmilia@DocFest : Modena futura creativa","og_url":"https:\/\/modenafuturacreativa.it\/fr\/mappa-della-creativita\/viaemiliadocfest\/","og_site_name":"Modena futura creativa","article_publisher":"https:\/\/www.facebook.com\/modenafuturacreativa","article_modified_time":"2025-03-06T14:36:22+00:00","og_image":[{"width":679,"height":679,"url":"https:\/\/modenafuturacreativa.it\/wp-content\/uploads\/2023\/06\/122836380_933116027216527_4012057463441752084_n.jpg","type":"image\/jpeg"}],"twitter_card":"summary_large_image","twitter_misc":{"Dur\u00e9e de lecture estim\u00e9e":"1 minute"},"schema":{"@context":"https:\/\/schema.org","@graph":[{"@type":"WebPage","@id":"https:\/\/modenafuturacreativa.it\/mappa-della-creativita\/viaemiliadocfest\/","url":"https:\/\/modenafuturacreativa.it\/mappa-della-creativita\/viaemiliadocfest\/","name":"ViaEmilia@DocFest : Modena futura creativa","isPartOf":{"@id":"https:\/\/modenafuturacreativa.it\/#website"},"primaryImageOfPage":{"@id":"https:\/\/modenafuturacreativa.it\/mappa-della-creativita\/viaemiliadocfest\/#primaryimage"},"image":{"@id":"https:\/\/modenafuturacreativa.it\/mappa-della-creativita\/viaemiliadocfest\/#primaryimage"},"thumbnailUrl":"https:\/\/modenafuturacreativa.it\/wp-content\/uploads\/2023\/06\/122836380_933116027216527_4012057463441752084_n.jpg","datePublished":"2023-06-08T15:47:55+00:00","dateModified":"2025-03-06T14:36:22+00:00","breadcrumb":{"@id":"https:\/\/modenafuturacreativa.it\/mappa-della-creativita\/viaemiliadocfest\/#breadcrumb"},"inLanguage":"fr-FR","potentialAction":[{"@type":"ReadAction","target":["https:\/\/modenafuturacreativa.it\/mappa-della-creativita\/viaemiliadocfest\/"]}]},{"@type":"ImageObject","inLanguage":"fr-FR","@id":"https:\/\/modenafuturacreativa.it\/mappa-della-creativita\/viaemiliadocfest\/#primaryimage","url":"https:\/\/modenafuturacreativa.it\/wp-content\/uploads\/2023\/06\/122836380_933116027216527_4012057463441752084_n.jpg","contentUrl":"https:\/\/modenafuturacreativa.it\/wp-content\/uploads\/2023\/06\/122836380_933116027216527_4012057463441752084_n.jpg","width":679,"height":679},{"@type":"BreadcrumbList","@id":"https:\/\/modenafuturacreativa.it\/mappa-della-creativita\/viaemiliadocfest\/#breadcrumb","itemListElement":[{"@type":"ListItem","position":1,"name":"Home","item":"https:\/\/modenafuturacreativa.it\/"},{"@type":"ListItem","position":2,"name":"Mappa della creativit\u00e0","item":"https:\/\/modenafuturacreativa.it\/mappa-della-creativita\/"},{"@type":"ListItem","position":3,"name":"ViaEmilia@DocFest"}]},{"@type":"WebSite","@id":"https:\/\/modenafuturacreativa.it\/#website","url":"https:\/\/modenafuturacreativa.it\/","name":"Futur cr\u00e9atif Mod\u00e8ne","description":"Ville de Mod\u00e8ne Arts m\u00e9diatiques UNESCO - R\u00e9seau des villes cr\u00e9atives","publisher":{"@id":"https:\/\/modenafuturacreativa.it\/#organization"},"potentialAction":[{"@type":"SearchAction","target":{"@type":"EntryPoint","urlTemplate":"https:\/\/modenafuturacreativa.it\/?s={search_term_string}"},"query-input":{"@type":"PropertyValueSpecification","valueRequired":true,"valueName":"search_term_string"}}],"inLanguage":"fr-FR"},{"@type":"Organization","@id":"https:\/\/modenafuturacreativa.it\/#organization","name":"Modena Futura Creativa","url":"https:\/\/modenafuturacreativa.it\/","logo":{"@type":"ImageObject","inLanguage":"fr-FR","@id":"https:\/\/modenafuturacreativa.it\/#\/schema\/logo\/image\/","url":"https:\/\/modenafuturacreativa.it\/wp-content\/uploads\/2021\/09\/huge-2.jpg","contentUrl":"https:\/\/modenafuturacreativa.it\/wp-content\/uploads\/2021\/09\/huge-2.jpg","width":596,"height":402,"caption":"Modena Futura Creativa"},"image":{"@id":"https:\/\/modenafuturacreativa.it\/#\/schema\/logo\/image\/"},"sameAs":["https:\/\/www.facebook.com\/modenafuturacreativa","https:\/\/www.instagram.com\/modenafuturacreativa\/","https:\/\/www.youtube.com\/channel\/UCTxUkE2mRZNwWzD43n7ioVw"]}]}},"_links":{"self":[{"href":"https:\/\/modenafuturacreativa.it\/fr\/wp-json\/wp\/v2\/pages\/2560","targetHints":{"allow":["GET"]}}],"collection":[{"href":"https:\/\/modenafuturacreativa.it\/fr\/wp-json\/wp\/v2\/pages"}],"about":[{"href":"https:\/\/modenafuturacreativa.it\/fr\/wp-json\/wp\/v2\/types\/page"}],"author":[{"embeddable":true,"href":"https:\/\/modenafuturacreativa.it\/fr\/wp-json\/wp\/v2\/users\/1"}],"replies":[{"embeddable":true,"href":"https:\/\/modenafuturacreativa.it\/fr\/wp-json\/wp\/v2\/comments?post=2560"}],"version-history":[{"count":4,"href":"https:\/\/modenafuturacreativa.it\/fr\/wp-json\/wp\/v2\/pages\/2560\/revisions"}],"predecessor-version":[{"id":4296,"href":"https:\/\/modenafuturacreativa.it\/fr\/wp-json\/wp\/v2\/pages\/2560\/revisions\/4296"}],"up":[{"embeddable":true,"href":"https:\/\/modenafuturacreativa.it\/fr\/wp-json\/wp\/v2\/pages\/848"}],"wp:featuredmedia":[{"embeddable":true,"href":"https:\/\/modenafuturacreativa.it\/fr\/wp-json\/wp\/v2\/media\/2561"}],"wp:attachment":[{"href":"https:\/\/modenafuturacreativa.it\/fr\/wp-json\/wp\/v2\/media?parent=2560"}],"curies":[{"name":"wp","href":"https:\/\/api.w.org\/{rel}","templated":true}]}}